{"id":250,"date":"2017-06-29T12:19:19","date_gmt":"2017-06-29T10:19:19","guid":{"rendered":"http:\/\/www.micro-light-info.de\/?page_id=250"},"modified":"2017-06-29T12:21:09","modified_gmt":"2017-06-29T10:21:09","slug":"planung","status":"publish","type":"page","link":"http:\/\/www.micro-light-info.de\/index.php\/licht\/planung\/","title":{"rendered":"Planung"},"content":{"rendered":"<h3>Zuhause oder in der Firma&#8230;<\/h3>\n<p>Licht begleitet uns den ganzen Tag. Damit Sie bei der Auswahl Ihrer LED-Produkte die vollen M\u00f6glichkeiten aussch\u00f6pfen, planen wir gerne mit Ihnen zusammen und beraten Sie was mit modernster Technik m\u00f6glich ist. Entdecken Sie anhand unserer fachm\u00e4nnischen Beratung, langer Erfahrung und moderner 3D-Beleuchtungsmodellen, wie Sie Ihre R\u00e4ume in Szene setzen k\u00f6nnen.<\/p>\n<p><img loading=\"lazy\" decoding=\"async\" class=\"alignnone size-full wp-image-254\" src=\"http:\/\/www.micro-light-info.de\/wp-content\/uploads\/2017\/06\/planung_home.jpg\" alt=\"\" width=\"986\" height=\"660\" srcset=\"http:\/\/www.micro-light-info.de\/wp-content\/uploads\/2017\/06\/planung_home.jpg 986w, http:\/\/www.micro-light-info.de\/wp-content\/uploads\/2017\/06\/planung_home-300x201.jpg 300w, http:\/\/www.micro-light-info.de\/wp-content\/uploads\/2017\/06\/planung_home-768x514.jpg 768w\" sizes=\"(max-width: 986px) 100vw, 986px\" \/><\/p>\n<p>&nbsp;<\/p>\n<h3>Pers\u00f6nlicher Kontakt statt Einheitsberatung<\/h3>\n<p>Wir folgen unserem Grundsatz &#8220;hohe Qualit\u00e4t ben\u00f6tigt beste Beratung&#8221;.<br \/>\nWir f\u00fchren durch unsere lange Erfahrung am Markt nicht nur stets die neueste Technik, wir k\u00f6nnen Sie auch kompetent dabei unterst\u00fctzen sie auch zu nutzen. Denn sch\u00f6nstes Licht muss fachm\u00e4nnisch und individuell angepasst werden.<\/p>\n<p>Unsere Kunden suchen das Besondere und m\u00f6chten ihre R\u00e4umlichkeiten bestm\u00f6glich pr\u00e4sentieren. Daher gibt es bei uns keine Installationen nach Handbuch, sondern nur nach Ma\u00df. Ob Sie stimmungsvolle Wohnr\u00e4ume planen, repr\u00e4sentative Au\u00dfenfl\u00e4chen oder B\u00fcros, in denen Ihre Mitarbeiter gerne arbeiten: Wir sind f\u00fcr Sie da und machen dort weiter, wo andere Ihre Schranken setzen.<\/p>\n<p><img loading=\"lazy\" decoding=\"async\" class=\"wp-image-251 alignleft\" src=\"http:\/\/www.micro-light-info.de\/wp-content\/uploads\/2017\/06\/planung_urban.jpg\" alt=\"\" width=\"692\" height=\"323\" srcset=\"http:\/\/www.micro-light-info.de\/wp-content\/uploads\/2017\/06\/planung_urban.jpg 512w, http:\/\/www.micro-light-info.de\/wp-content\/uploads\/2017\/06\/planung_urban-300x140.jpg 300w\" sizes=\"(max-width: 692px) 100vw, 692px\" \/><\/p>\n<p>&nbsp;<\/p>\n<p>&nbsp;<\/p>\n<p>&nbsp;<\/p>\n<p>&nbsp;<\/p>\n<p>&nbsp;<\/p>\n<p>&nbsp;<\/p>\n<p>&nbsp;<\/p>\n<p>&nbsp;<\/p>\n<h3><\/h3>\n<p>&nbsp;<\/p>\n<h3>Alles aus einer Hand<\/h3>\n<p>Sie sind neu in der Branche, m\u00f6chten aber dabei sein, wenn aus modernster Technologie leuchtende Wirklichkeit wird?<br \/>\nOder sind Sie bereits vertraut mit dem Markt und wissen \u00fcber Innovationen stets Bescheid?<br \/>\nEgal woher Sie kommen: Bei Micro-Light Germany sind Sie gut aufgehoben. Wir erledigen alle Schritte f\u00fcr Sie, von der Planung \u00fcber die Ma\u00dfanfertigung, vom Import bis zur Hilfe vor Ort. Schauen Sie uns auf die Finger und lehnen Sie sich zur\u00fcck: Wir sind immer nah am Menschen dran und das wissen unsere Kunden zu sch\u00e4tzen. Probieren Sie es aus!<\/p>\n<p><img loading=\"lazy\" decoding=\"async\" class=\"alignnone size-full wp-image-253\" src=\"http:\/\/www.micro-light-info.de\/wp-content\/uploads\/2017\/06\/planung_3d_dialux_tennisplatz.jpg\" alt=\"\" width=\"816\" height=\"678\" srcset=\"http:\/\/www.micro-light-info.de\/wp-content\/uploads\/2017\/06\/planung_3d_dialux_tennisplatz.jpg 816w, http:\/\/www.micro-light-info.de\/wp-content\/uploads\/2017\/06\/planung_3d_dialux_tennisplatz-300x249.jpg 300w, http:\/\/www.micro-light-info.de\/wp-content\/uploads\/2017\/06\/planung_3d_dialux_tennisplatz-768x638.jpg 768w\" sizes=\"(max-width: 816px) 100vw, 816px\" \/><\/p>\n<p>&nbsp;<\/p>\n<h3>Lichtberechnung f\u00fcr moderne B\u00fcroausstattung<\/h3>\n<p>Planung und Reduzierung der eingesetzten Leuchten auf ein Minimum an Lichtpunkten unter Ber\u00fccksichtigung der geltenden Arbeitsplatzvorschriften in den jeweiligen Arbeitsbereichen. Oftmals werden zu viele Lampen verplant, was unter \u00f6konomischen Gesichtspunkten nicht notwendig ist. Au\u00dferdem gewinnt vor Ort meist der gut austarierte Mix aus Decken, Stand und Tischbeleuchtung. Dieser Mix entscheidet oft \u00fcber das jahrelange Wohlbefinden und die Leistungsf\u00e4higkeit Ihrer Mitarbeiter.<\/p>\n<p><img loading=\"lazy\" decoding=\"async\" class=\"alignnone size-full wp-image-252\" src=\"http:\/\/www.micro-light-info.de\/wp-content\/uploads\/2017\/06\/planung_buero_panel.jpg\" alt=\"\" width=\"883\" height=\"515\" srcset=\"http:\/\/www.micro-light-info.de\/wp-content\/uploads\/2017\/06\/planung_buero_panel.jpg 883w, http:\/\/www.micro-light-info.de\/wp-content\/uploads\/2017\/06\/planung_buero_panel-300x175.jpg 300w, http:\/\/www.micro-light-info.de\/wp-content\/uploads\/2017\/06\/planung_buero_panel-768x448.jpg 768w\" sizes=\"(max-width: 883px) 100vw, 883px\" \/><\/p>\n","protected":false},"excerpt":{"rendered":"<p>Zuhause oder in der Firma&#8230; Licht begleitet uns den ganzen Tag. Damit Sie bei der Auswahl Ihrer LED-Produkte die vollen M\u00f6glichkeiten aussch\u00f6pfen, planen wir gerne mit Ihnen zusammen und beraten &#8230;<\/p>\n","protected":false},"author":1,"featured_media":0,"parent":223,"menu_order":0,"comment_status":"closed","ping_status":"closed","template":"","meta":{"footnotes":""},"_links":{"self":[{"href":"http:\/\/www.micro-light-info.de\/index.php\/wp-json\/wp\/v2\/pages\/250"}],"collection":[{"href":"http:\/\/www.micro-light-info.de\/index.php\/wp-json\/wp\/v2\/pages"}],"about":[{"href":"http:\/\/www.micro-light-info.de\/index.php\/wp-json\/wp\/v2\/types\/page"}],"author":[{"embeddable":true,"href":"http:\/\/www.micro-light-info.de\/index.php\/wp-json\/wp\/v2\/users\/1"}],"replies":[{"embeddable":true,"href":"http:\/\/www.micro-light-info.de\/index.php\/wp-json\/wp\/v2\/comments?post=250"}],"version-history":[{"count":3,"href":"http:\/\/www.micro-light-info.de\/index.php\/wp-json\/wp\/v2\/pages\/250\/revisions"}],"predecessor-version":[{"id":258,"href":"http:\/\/www.micro-light-info.de\/index.php\/wp-json\/wp\/v2\/pages\/250\/revisions\/258"}],"up":[{"embeddable":true,"href":"http:\/\/www.micro-light-info.de\/index.php\/wp-json\/wp\/v2\/pages\/223"}],"wp:attachment":[{"href":"http:\/\/www.micro-light-info.de\/index.php\/wp-json\/wp\/v2\/media?parent=250"}],"curies":[{"name":"wp","href":"https:\/\/api.w.org\/{rel}","templated":true}]}}